{"id":6,"date":"2019-02-22T21:52:35","date_gmt":"2019-02-22T20:52:35","guid":{"rendered":"https:\/\/www.strassenmusikfestival-ottweiler.de\/?page_id=6"},"modified":"2025-10-19T16:17:34","modified_gmt":"2025-10-19T14:17:34","slug":"startseite","status":"publish","type":"page","link":"https:\/\/www.strassenmusikfestival-ottweiler.de\/fr\/","title":{"rendered":"Page d&#8217;accueil"},"content":{"rendered":"\n<h2 class=\"wp-block-heading\">Bienvenue sur le site du Ottweiler festival de musique de rue<\/h2>\n\n\n\n<p>Chers amis de la musique de rue,<br><\/p>\n\n\n\n<p>Merci pour votre participation active au 17e festival de musique de rue.<br>Nous nous r\u00e9jouissons de vous accueillir \u00e0 nouveau l&#8217;ann\u00e9e prochaine !<\/p>\n\n\n\n<hr class=\"wp-block-separator has-css-opacity\"\/>\n\n\n\n<div class=\"wp-block-ugb-image-box ugb-image-box ugb-358d8b7 ugb-image-box--v4 ugb-image-box--columns-1 ugb-image-box--design-basic ugb-image-box--align-center ugb-main-block ugb--has-custom-content-width\"><style>.ugb-358d8b7 .ugb-image-box__box{border-radius:12px !important}.ugb-358d8b7 .ugb-image-box__item{height:400px !important;justify-content:center !important}.ugb-358d8b7 .ugb-image-box__item1 .ugb-image-box__image{background-image:url(https:\/\/www.strassenmusikfestival-ottweiler.de\/wp-content\/uploads\/2019\/08\/MG_0048.jpg)}.ugb-358d8b7 .ugb-image-box__item2 .ugb-image-box__image{background-image:url(https:\/\/www.strassenmusikfestival-ottweiler.de\/wp-content\/uploads\/2019\/02\/MG_0065.jpg)}.ugb-358d8b7 .ugb-image-box__item3 .ugb-image-box__image{background-image:url(https:\/\/www.strassenmusikfestival-ottweiler.de\/wp-content\/uploads\/2019\/02\/MG_1192.jpg)}.ugb-358d8b7 .ugb-image-box__item:hover .ugb-image-box__overlay-hover{opacity:0.7 !important}.ugb-358d8b7 .ugb-image-box__title{color:#e1e7e3 !important}.ugb-358d8b7 .ugb-image-box__description{color:#ffffff !important}.ugb-358d8b7 .ugb-inner-block{text-align:center}.ugb-358d8b7.ugb-image-box > .ugb-inner-block{max-width:400px !important}@media screen and (min-width:768px) and (max-width:1025px){.ugb-358d8b7 .ugb-image-box__item{height:300px !important}}@media screen and (max-width:768px){.ugb-358d8b7 .ugb-image-box__item{height:300px !important}}<\/style><div class=\"ugb-inner-block\"><div class=\"ugb-block-content\"><div class=\"ugb-image-box__item ugb-image-box__item1 ugb-image-box__box ugb--shadow-3\"><div class=\"ugb-image-box__box ugb-image-box__image-wrapper\"><div class=\"ugb-image-box__box ugb-image-box__image\" role=\"img\" aria-label=\"Gallery 2019\"><\/div><\/div><div class=\"ugb-image-box__box ugb-image-box__overlay-hover\"><\/div><div class=\"ugb-image-box__content\"><div class=\"ugb-image-box__header\"><h4 class=\"ugb-image-box__title\">Gallery 2019<\/h4><\/div><\/div><a class=\"ugb-image-box__overlay-link\" href=\"\/galerie-2019\/\" title=\"Gallery 2019\" aria-label=\"Gallery 2019\"><\/a><\/div><\/div><\/div><\/div>\n\n\n\n<div class=\"wp-block-ugb-image-box ugb-image-box ugb-d4706d4 ugb-image-box--v4 ugb-image-box--columns-3 ugb-image-box--design-basic ugb-image-box--align-center ugb-main-block\"><style>.ugb-d4706d4 .ugb-image-box__box{border-radius:12px !important}.ugb-d4706d4 .ugb-image-box__item{height:400px !important;justify-content:center !important}.ugb-d4706d4 .ugb-image-box__item1 .ugb-image-box__image{background-image:url(https:\/\/www.strassenmusikfestival-ottweiler.de\/wp-content\/uploads\/2019\/02\/IMG_0019.jpg)}.ugb-d4706d4 .ugb-image-box__item2 .ugb-image-box__image{background-image:url(https:\/\/www.strassenmusikfestival-ottweiler.de\/wp-content\/uploads\/2019\/02\/MG_0065.jpg)}.ugb-d4706d4 .ugb-image-box__item3 .ugb-image-box__image{background-image:url(https:\/\/www.strassenmusikfestival-ottweiler.de\/wp-content\/uploads\/2019\/02\/MG_1192.jpg)}.ugb-d4706d4 .ugb-image-box__item:hover .ugb-image-box__overlay-hover{opacity:0.7 !important}.ugb-d4706d4 .ugb-image-box__title{color:#e1e7e3 !important}.ugb-d4706d4 .ugb-image-box__description{color:#ffffff !important}.ugb-d4706d4 .ugb-inner-block{text-align:center}@media screen and (min-width:768px) and (max-width:1025px){.ugb-d4706d4 .ugb-image-box__item{height:300px !important}}@media screen and (max-width:768px){.ugb-d4706d4 .ugb-image-box__item{height:300px !important}}<\/style><div class=\"ugb-inner-block\"><div class=\"ugb-block-content\"><div class=\"ugb-image-box__item ugb-image-box__item1 ugb-image-box__box ugb--shadow-3\"><div class=\"ugb-image-box__box ugb-image-box__image-wrapper\"><div class=\"ugb-image-box__box ugb-image-box__image\" role=\"img\" aria-label=\"Gallery 2018\"><\/div><\/div><div class=\"ugb-image-box__box ugb-image-box__overlay-hover\"><\/div><div class=\"ugb-image-box__content\"><div class=\"ugb-image-box__header\"><h4 class=\"ugb-image-box__title\">Gallery 2018<\/h4><\/div><\/div><a class=\"ugb-image-box__overlay-link\" href=\"\/galerie-2018\/\" title=\"Gallery 2018\" aria-label=\"Gallery 2018\"><\/a><\/div><div class=\"ugb-image-box__item ugb-image-box__item2 ugb-image-box__box ugb--shadow-3\"><div class=\"ugb-image-box__box ugb-image-box__image-wrapper\"><div class=\"ugb-image-box__box ugb-image-box__image\" role=\"img\" aria-label=\"Gallery 2017\"><\/div><\/div><div class=\"ugb-image-box__box ugb-image-box__overlay-hover\"><\/div><div class=\"ugb-image-box__content\"><div class=\"ugb-image-box__header\"><h4 class=\"ugb-image-box__title\">Gallery 2017<\/h4><\/div><\/div><a class=\"ugb-image-box__overlay-link\" href=\"\/galerie-2017\/\" title=\"Gallery 2017\" aria-label=\"Gallery 2017\"><\/a><\/div><div class=\"ugb-image-box__item ugb-image-box__item3 ugb-image-box__box ugb--shadow-3\"><div class=\"ugb-image-box__box ugb-image-box__image-wrapper\"><div class=\"ugb-image-box__box ugb-image-box__image\" role=\"img\" aria-label=\"Gallery 2016\"><\/div><\/div><div class=\"ugb-image-box__box ugb-image-box__overlay-hover\"><\/div><div class=\"ugb-image-box__content\"><div class=\"ugb-image-box__header\"><h4 class=\"ugb-image-box__title\">Gallery 2016<\/h4><\/div><\/div><a class=\"ugb-image-box__overlay-link\" href=\"\/galerie-2016\/\" title=\"Gallery 2016\" aria-label=\"Gallery 2016\"><\/a><\/div><\/div><\/div><\/div>\n\n\n\n<p><\/p>\n","protected":false},"excerpt":{"rendered":"<p>Bienvenue sur le site du Ottweiler festival de musique de rue Chers amis de la musique de rue, Merci pour votre participation active au 17e festival de musique de rue.Nous nous r\u00e9jouissons de vous accueillir \u00e0 nouveau l&#8217;ann\u00e9e prochaine ! Gallery 2019 Gallery 2018 Gallery 2017 Gallery 2016<\/p>\n","protected":false},"author":1,"featured_media":0,"parent":0,"menu_order":0,"comment_status":"closed","ping_status":"closed","template":"","meta":{"_themeisle_gutenberg_block_has_review":false,"footnotes":""},"class_list":["post-6","page","type-page","status-publish","hentry"],"translation":{"provider":"WPGlobus","version":"3.0.2","language":"fr","enabled_languages":["de","en","fr"],"languages":{"de":{"title":true,"content":true,"excerpt":false},"en":{"title":true,"content":true,"excerpt":false},"fr":{"title":true,"content":true,"excerpt":false}}},"featured_image_urls_v2":{"full":"","thumbnail":"","medium":"","medium_large":"","large":"","1536x1536":"","2048x2048":"","hestia-blog":""},"post_excerpt_stackable_v2":"<p>Bienvenue sur le site du Ottweiler festival de musique de rue Chers amis de la musique de rue, Merci pour votre participation active au 17e festival de musique de rue.Nous nous r\u00e9jouissons de vous accueillir \u00e0 nouveau l&#8217;ann\u00e9e prochaine ! Gallery 2019 Gallery 2018Gallery 2017Gallery 2016<\/p>\n","category_list_v2":"","author_info_v2":{"name":"Kevin Pre\u00dfer","url":"https:\/\/www.strassenmusikfestival-ottweiler.de\/fr\/author\/kevin\/"},"comments_num_v2":"0 comments","yoast_head":"<!-- This site is optimized with the Yoast SEO plugin v27.4 - https:\/\/yoast.com\/product\/yoast-seo-wordpress\/ -->\n<title>Page d&#039;accueil | Ottweiler festival de musique de rue<\/title>\n<meta name=\"robots\" content=\"index, follow, max-snippet:-1, max-image-preview:large, max-video-preview:-1\" \/>\n<link rel=\"canonical\" href=\"https:\/\/www.strassenmusikfestival-ottweiler.de\/\" \/>\n<meta property=\"og:locale\" content=\"fr_FR\" \/>\n<meta property=\"og:type\" content=\"article\" \/>\n<meta property=\"og:title\" content=\"Page d&#039;accueil | Ottweiler festival de musique de rue\" \/>\n<meta property=\"og:url\" content=\"https:\/\/www.strassenmusikfestival-ottweiler.de\/\" \/>\n<meta property=\"og:site_name\" content=\"Ottweiler festival de musique de rue\" \/>\n<meta property=\"article:publisher\" content=\"https:\/\/www.facebook.com\/Strassenmusikottweiler\/\" \/>\n<meta property=\"article:modified_time\" content=\"2025-10-19T14:17:34+00:00\" \/>\n<meta name=\"twitter:card\" content=\"summary_large_image\" \/>\n<meta name=\"twitter:label1\" content=\"Est. reading time\" \/>\n\t<meta name=\"twitter:data1\" content=\"1 minute\" \/>\n<script type=\"application\/ld+json\" class=\"yoast-schema-graph\">{\"@context\":\"https:\\\/\\\/schema.org\",\"@graph\":[{\"@type\":\"WebPage\",\"@id\":\"https:\\\/\\\/www.strassenmusikfestival-ottweiler.de\\\/\",\"url\":\"https:\\\/\\\/www.strassenmusikfestival-ottweiler.de\\\/\",\"name\":\"Page d'accueil | Ottweiler festival de musique de rue\",\"isPartOf\":{\"@id\":\"https:\\\/\\\/www.strassenmusikfestival-ottweiler.de\\\/#website\"},\"datePublished\":\"2019-02-22T20:52:35+00:00\",\"dateModified\":\"2025-10-19T14:17:34+00:00\",\"breadcrumb\":{\"@id\":\"https:\\\/\\\/www.strassenmusikfestival-ottweiler.de\\\/#breadcrumb\"},\"inLanguage\":\"fr-FR\",\"potentialAction\":[{\"@type\":\"ReadAction\",\"target\":[\"https:\\\/\\\/www.strassenmusikfestival-ottweiler.de\\\/\"]}]},{\"@type\":\"BreadcrumbList\",\"@id\":\"https:\\\/\\\/www.strassenmusikfestival-ottweiler.de\\\/#breadcrumb\",\"itemListElement\":[{\"@type\":\"ListItem\",\"position\":1,\"name\":\"Startseite\",\"item\":\"https:\\\/\\\/www.strassenmusikfestival-ottweiler.de\\\/\"},{\"@type\":\"ListItem\",\"position\":2,\"name\":\"Startseite\"}]},{\"@type\":\"WebSite\",\"@id\":\"https:\\\/\\\/www.strassenmusikfestival-ottweiler.de\\\/#website\",\"url\":\"https:\\\/\\\/www.strassenmusikfestival-ottweiler.de\\\/\",\"name\":\"Stra\u00dfenmusikfestival Ottweiler\",\"description\":\"Le festival annuel de musique de rue \u00e0 Ottweiler\",\"publisher\":{\"@id\":\"https:\\\/\\\/www.strassenmusikfestival-ottweiler.de\\\/#organization\"},\"potentialAction\":[{\"@type\":\"SearchAction\",\"target\":{\"@type\":\"EntryPoint\",\"urlTemplate\":\"https:\\\/\\\/www.strassenmusikfestival-ottweiler.de\\\/?s={search_term_string}\"},\"query-input\":{\"@type\":\"PropertyValueSpecification\",\"valueRequired\":true,\"valueName\":\"search_term_string\"}}],\"inLanguage\":\"fr-FR\"},{\"@type\":\"Organization\",\"@id\":\"https:\\\/\\\/www.strassenmusikfestival-ottweiler.de\\\/#organization\",\"name\":\"Gewerbeverein Ottweiler\",\"url\":\"https:\\\/\\\/www.strassenmusikfestival-ottweiler.de\\\/\",\"logo\":{\"@type\":\"ImageObject\",\"inLanguage\":\"fr-FR\",\"@id\":\"https:\\\/\\\/www.strassenmusikfestival-ottweiler.de\\\/#\\\/schema\\\/logo\\\/image\\\/\",\"url\":\"https:\\\/\\\/www.strassenmusikfestival-ottweiler.de\\\/wp-content\\\/uploads\\\/2026\\\/01\\\/cropped-IMG_7157.jpeg\",\"contentUrl\":\"https:\\\/\\\/www.strassenmusikfestival-ottweiler.de\\\/wp-content\\\/uploads\\\/2026\\\/01\\\/cropped-IMG_7157.jpeg\",\"width\":394,\"height\":394,\"caption\":\"Gewerbeverein Ottweiler\"},\"image\":{\"@id\":\"https:\\\/\\\/www.strassenmusikfestival-ottweiler.de\\\/#\\\/schema\\\/logo\\\/image\\\/\"},\"sameAs\":[\"https:\\\/\\\/www.facebook.com\\\/Strassenmusikottweiler\\\/\"]}]}<\/script>\n<!-- \/ Yoast SEO plugin. -->","yoast_head_json":{"title":"Page d'accueil | Ottweiler festival de musique de rue","robots":{"index":"index","follow":"follow","max-snippet":"max-snippet:-1","max-image-preview":"max-image-preview:large","max-video-preview":"max-video-preview:-1"},"canonical":"https:\/\/www.strassenmusikfestival-ottweiler.de\/","og_locale":"fr_FR","og_type":"article","og_title":"Page d'accueil | Ottweiler festival de musique de rue","og_url":"https:\/\/www.strassenmusikfestival-ottweiler.de\/","og_site_name":"Ottweiler festival de musique de rue","article_publisher":"https:\/\/www.facebook.com\/Strassenmusikottweiler\/","article_modified_time":"2025-10-19T14:17:34+00:00","twitter_card":"summary_large_image","twitter_misc":{"Est. reading time":"1 minute"},"schema":{"@context":"https:\/\/schema.org","@graph":[{"@type":"WebPage","@id":"https:\/\/www.strassenmusikfestival-ottweiler.de\/","url":"https:\/\/www.strassenmusikfestival-ottweiler.de\/","name":"Page d'accueil | Ottweiler festival de musique de rue","isPartOf":{"@id":"https:\/\/www.strassenmusikfestival-ottweiler.de\/#website"},"datePublished":"2019-02-22T20:52:35+00:00","dateModified":"2025-10-19T14:17:34+00:00","breadcrumb":{"@id":"https:\/\/www.strassenmusikfestival-ottweiler.de\/#breadcrumb"},"inLanguage":"fr-FR","potentialAction":[{"@type":"ReadAction","target":["https:\/\/www.strassenmusikfestival-ottweiler.de\/"]}]},{"@type":"BreadcrumbList","@id":"https:\/\/www.strassenmusikfestival-ottweiler.de\/#breadcrumb","itemListElement":[{"@type":"ListItem","position":1,"name":"Startseite","item":"https:\/\/www.strassenmusikfestival-ottweiler.de\/"},{"@type":"ListItem","position":2,"name":"Startseite"}]},{"@type":"WebSite","@id":"https:\/\/www.strassenmusikfestival-ottweiler.de\/#website","url":"https:\/\/www.strassenmusikfestival-ottweiler.de\/","name":"Stra\u00dfenmusikfestival Ottweiler","description":"Le festival annuel de musique de rue \u00e0 Ottweiler","publisher":{"@id":"https:\/\/www.strassenmusikfestival-ottweiler.de\/#organization"},"potentialAction":[{"@type":"SearchAction","target":{"@type":"EntryPoint","urlTemplate":"https:\/\/www.strassenmusikfestival-ottweiler.de\/?s={search_term_string}"},"query-input":{"@type":"PropertyValueSpecification","valueRequired":true,"valueName":"search_term_string"}}],"inLanguage":"fr-FR"},{"@type":"Organization","@id":"https:\/\/www.strassenmusikfestival-ottweiler.de\/#organization","name":"Gewerbeverein Ottweiler","url":"https:\/\/www.strassenmusikfestival-ottweiler.de\/","logo":{"@type":"ImageObject","inLanguage":"fr-FR","@id":"https:\/\/www.strassenmusikfestival-ottweiler.de\/#\/schema\/logo\/image\/","url":"https:\/\/www.strassenmusikfestival-ottweiler.de\/wp-content\/uploads\/2026\/01\/cropped-IMG_7157.jpeg","contentUrl":"https:\/\/www.strassenmusikfestival-ottweiler.de\/wp-content\/uploads\/2026\/01\/cropped-IMG_7157.jpeg","width":394,"height":394,"caption":"Gewerbeverein Ottweiler"},"image":{"@id":"https:\/\/www.strassenmusikfestival-ottweiler.de\/#\/schema\/logo\/image\/"},"sameAs":["https:\/\/www.facebook.com\/Strassenmusikottweiler\/"]}]}},"_links":{"self":[{"href":"https:\/\/www.strassenmusikfestival-ottweiler.de\/fr\/wp-json\/wp\/v2\/pages\/6","targetHints":{"allow":["GET"]}}],"collection":[{"href":"https:\/\/www.strassenmusikfestival-ottweiler.de\/fr\/wp-json\/wp\/v2\/pages"}],"about":[{"href":"https:\/\/www.strassenmusikfestival-ottweiler.de\/fr\/wp-json\/wp\/v2\/types\/page"}],"author":[{"embeddable":true,"href":"https:\/\/www.strassenmusikfestival-ottweiler.de\/fr\/wp-json\/wp\/v2\/users\/1"}],"replies":[{"embeddable":true,"href":"https:\/\/www.strassenmusikfestival-ottweiler.de\/fr\/wp-json\/wp\/v2\/comments?post=6"}],"version-history":[{"count":66,"href":"https:\/\/www.strassenmusikfestival-ottweiler.de\/fr\/wp-json\/wp\/v2\/pages\/6\/revisions"}],"predecessor-version":[{"id":4184,"href":"https:\/\/www.strassenmusikfestival-ottweiler.de\/fr\/wp-json\/wp\/v2\/pages\/6\/revisions\/4184"}],"wp:attachment":[{"href":"https:\/\/www.strassenmusikfestival-ottweiler.de\/fr\/wp-json\/wp\/v2\/media?parent=6"}],"curies":[{"name":"wp","href":"https:\/\/api.w.org\/{rel}","templated":true}]}}