{"id":39,"date":"2019-02-22T22:16:35","date_gmt":"2019-02-22T21:16:35","guid":{"rendered":"https:\/\/www.strassenmusikfestival-ottweiler.de\/?page_id=39"},"modified":"2026-01-23T17:48:38","modified_gmt":"2026-01-23T16:48:38","slug":"ueber-das-festival","status":"publish","type":"page","link":"https:\/\/www.strassenmusikfestival-ottweiler.de\/fr\/ueber-das-festival\/","title":{"rendered":"Sur le festival"},"content":{"rendered":"\n<h2 class=\"wp-block-heading\">Chers amis de la musique de rue,<\/h2>\n\n\n\n<p>la 17i\u00e8me \u00e9dition du Festival International de la Musique de Rue aura lieu 2022 dans la vieille ville historique d\u2019Ottweiler.<\/p>\n\n\n\n<p><strong><br>Conditions de participation<br>Qui peut participer?<br><\/strong>Tous les musiciens \u00e0 partir de l\u2019 \u00e2ge de 16 ans. Des groupes de 1 \u00e0 99 personnes. Tous les instruments de musique sont accept\u00e9s<br><\/p>\n\n\n\n<p><strong>La musique:<\/strong>&nbsp;<br>Tous les genres de musique sont admis (classique, pop, rock, jazz, chanson etc.). La musique devrait \u00eatre faite \u00e0 la main (\u201cunplugged\u201d). Petits amplifieurs possibles<br><br><strong>Performance:<\/strong><br>La dur\u00e9e de performance sera de 45 minutes par groupe\/artiste. Il n\u2019y aura ni gages ni indemnit\u00e9s de frais.<br><br><strong>Plus d&#8217;information:<br>Sc\u00e8ne:<\/strong>&nbsp;<br>La vieille ville historique d`Ottweiler.<br><strong>Dur\u00e9e:<br><\/strong>von 18h \u00e0 23h (Attention: protection des mineurs)<br>Un jury note les musiciens. Les meilleurs seront r\u00e9compens\u00e9s par des prix int\u00e9ressants.<br><\/p>\n\n\n\n<p><strong>Passer la nuit:<\/strong><\/p>\n\n\n\n<p>Qui veut passer la nuit dans notre belle ville peut contacter les h\u00f4tels suivants:<\/p>\n\n\n\n<ul class=\"wp-block-list\"><li>Hotel Schafbr\u00fccker M\u00fchle&nbsp;<a href=\"http:\/\/www.schafbruecker-muehle.de\/\">http:\/\/www.schafbruecker-muehle.de<\/a><\/li><li>Waldhotel Garni&nbsp;<a href=\"http:\/\/www.wald-hotel-garni.de\/\">http:\/\/www.wald-hotel-garni.de<\/a><\/li><li>Hotel Goethe&nbsp;<a href=\"http:\/\/www.hotelgoetheottweiler.de\/\">http:\/\/www.hotelgoetheottweiler.de<\/a><\/li><\/ul>\n\n\n\n<p><strong>Informations suppl\u00e9mentaires:<\/strong><\/p>\n\n\n\n<p>Stadt Ottweiler, Monsieur Ralf Hoffmann, Illinger Stra\u00dfe 7, 66564 Ottweiler, E-Mail:&nbsp;<a href=\"mailto:oeffentlichkeitsarbeit@ottweiler.de\">oeffentlichkeitsarbeit@ottweiler.de<\/a>&nbsp;Telefon: 0049-6824-3008 65<\/p>\n\n\n\n<p>*Attention: protection des mineurs!<\/p>\n","protected":false},"excerpt":{"rendered":"<p>Chers amis de la musique de rue, la 17i\u00e8me \u00e9dition du Festival International de la Musique de Rue aura lieu 2022 dans la vieille ville historique d\u2019Ottweiler. Conditions de participationQui peut participer?Tous les musiciens \u00e0 partir de l\u2019 \u00e2ge de 16 ans. Des groupes de 1 \u00e0 99 personnes. Tous [&hellip;]<\/p>\n","protected":false},"author":1,"featured_media":0,"parent":0,"menu_order":0,"comment_status":"closed","ping_status":"closed","template":"","meta":{"_themeisle_gutenberg_block_has_review":false,"footnotes":""},"class_list":["post-39","page","type-page","status-publish","hentry"],"translation":{"provider":"WPGlobus","version":"3.0.2","language":"fr","enabled_languages":["de","en","fr"],"languages":{"de":{"title":true,"content":true,"excerpt":false},"en":{"title":true,"content":true,"excerpt":false},"fr":{"title":true,"content":true,"excerpt":false}}},"featured_image_urls_v2":{"full":"","thumbnail":"","medium":"","medium_large":"","large":"","1536x1536":"","2048x2048":"","hestia-blog":""},"post_excerpt_stackable_v2":"<p>Chers amis de la musique de rue, la 17i\u00e8me \u00e9dition du Festival International de la Musique de Rue aura lieu 2022 dans la vieille ville historique d\u2019Ottweiler. Conditions de participationQui peut participer?Tous les musiciens \u00e0 partir de l\u2019 \u00e2ge de 16 ans. Des groupes de 1 \u00e0 99 personnes. Tous les instruments de musique sont accept\u00e9s La musique:&nbsp;Tous les genres de musique sont admis (classique, pop, rock, jazz, chanson etc.). La musique devrait \u00eatre faite \u00e0 la main (\u201cunplugged\u201d). Petits amplifieurs possiblesPerformance:La dur\u00e9e de performance sera de 45 minutes par groupe\/artiste. Il n\u2019y aura ni gages ni indemnit\u00e9s de frais.Plus&hellip;<\/p>\n","category_list_v2":"","author_info_v2":{"name":"Kevin Pre\u00dfer","url":"https:\/\/www.strassenmusikfestival-ottweiler.de\/fr\/author\/kevin\/"},"comments_num_v2":"0 comments","yoast_head":"<!-- This site is optimized with the Yoast SEO plugin v27.4 - https:\/\/yoast.com\/product\/yoast-seo-wordpress\/ -->\n<title>Sur le festival | Ottweiler festival de musique de rue<\/title>\n<meta name=\"robots\" content=\"index, follow, max-snippet:-1, max-image-preview:large, max-video-preview:-1\" \/>\n<link rel=\"canonical\" href=\"https:\/\/www.strassenmusikfestival-ottweiler.de\/ueber-das-festival\/\" \/>\n<meta property=\"og:locale\" content=\"fr_FR\" \/>\n<meta property=\"og:type\" content=\"article\" \/>\n<meta property=\"og:title\" content=\"Sur le festival | Ottweiler festival de musique de rue\" \/>\n<meta property=\"og:url\" content=\"https:\/\/www.strassenmusikfestival-ottweiler.de\/ueber-das-festival\/\" \/>\n<meta property=\"og:site_name\" content=\"Ottweiler festival de musique de rue\" \/>\n<meta property=\"article:publisher\" content=\"https:\/\/www.facebook.com\/Strassenmusikottweiler\/\" \/>\n<meta property=\"article:modified_time\" content=\"2026-01-23T16:48:38+00:00\" \/>\n<meta name=\"twitter:card\" content=\"summary_large_image\" \/>\n<meta name=\"twitter:label1\" content=\"Est. reading time\" \/>\n\t<meta name=\"twitter:data1\" content=\"1 minute\" \/>\n<script type=\"application\/ld+json\" class=\"yoast-schema-graph\">{\"@context\":\"https:\\\/\\\/schema.org\",\"@graph\":[{\"@type\":\"WebPage\",\"@id\":\"https:\\\/\\\/www.strassenmusikfestival-ottweiler.de\\\/ueber-das-festival\\\/\",\"url\":\"https:\\\/\\\/www.strassenmusikfestival-ottweiler.de\\\/ueber-das-festival\\\/\",\"name\":\"Sur le festival | Ottweiler festival de musique de rue\",\"isPartOf\":{\"@id\":\"https:\\\/\\\/www.strassenmusikfestival-ottweiler.de\\\/#website\"},\"datePublished\":\"2019-02-22T21:16:35+00:00\",\"dateModified\":\"2026-01-23T16:48:38+00:00\",\"breadcrumb\":{\"@id\":\"https:\\\/\\\/www.strassenmusikfestival-ottweiler.de\\\/ueber-das-festival\\\/#breadcrumb\"},\"inLanguage\":\"fr-FR\",\"potentialAction\":[{\"@type\":\"ReadAction\",\"target\":[\"https:\\\/\\\/www.strassenmusikfestival-ottweiler.de\\\/ueber-das-festival\\\/\"]}]},{\"@type\":\"BreadcrumbList\",\"@id\":\"https:\\\/\\\/www.strassenmusikfestival-ottweiler.de\\\/ueber-das-festival\\\/#breadcrumb\",\"itemListElement\":[{\"@type\":\"ListItem\",\"position\":1,\"name\":\"Startseite\",\"item\":\"https:\\\/\\\/www.strassenmusikfestival-ottweiler.de\\\/\"},{\"@type\":\"ListItem\",\"position\":2,\"name\":\"\u00dcber das Festival\"}]},{\"@type\":\"WebSite\",\"@id\":\"https:\\\/\\\/www.strassenmusikfestival-ottweiler.de\\\/#website\",\"url\":\"https:\\\/\\\/www.strassenmusikfestival-ottweiler.de\\\/\",\"name\":\"Stra\u00dfenmusikfestival Ottweiler\",\"description\":\"Le festival annuel de musique de rue \u00e0 Ottweiler\",\"publisher\":{\"@id\":\"https:\\\/\\\/www.strassenmusikfestival-ottweiler.de\\\/#organization\"},\"potentialAction\":[{\"@type\":\"SearchAction\",\"target\":{\"@type\":\"EntryPoint\",\"urlTemplate\":\"https:\\\/\\\/www.strassenmusikfestival-ottweiler.de\\\/?s={search_term_string}\"},\"query-input\":{\"@type\":\"PropertyValueSpecification\",\"valueRequired\":true,\"valueName\":\"search_term_string\"}}],\"inLanguage\":\"fr-FR\"},{\"@type\":\"Organization\",\"@id\":\"https:\\\/\\\/www.strassenmusikfestival-ottweiler.de\\\/#organization\",\"name\":\"Gewerbeverein Ottweiler\",\"url\":\"https:\\\/\\\/www.strassenmusikfestival-ottweiler.de\\\/\",\"logo\":{\"@type\":\"ImageObject\",\"inLanguage\":\"fr-FR\",\"@id\":\"https:\\\/\\\/www.strassenmusikfestival-ottweiler.de\\\/#\\\/schema\\\/logo\\\/image\\\/\",\"url\":\"https:\\\/\\\/www.strassenmusikfestival-ottweiler.de\\\/wp-content\\\/uploads\\\/2026\\\/01\\\/cropped-IMG_7157.jpeg\",\"contentUrl\":\"https:\\\/\\\/www.strassenmusikfestival-ottweiler.de\\\/wp-content\\\/uploads\\\/2026\\\/01\\\/cropped-IMG_7157.jpeg\",\"width\":394,\"height\":394,\"caption\":\"Gewerbeverein Ottweiler\"},\"image\":{\"@id\":\"https:\\\/\\\/www.strassenmusikfestival-ottweiler.de\\\/#\\\/schema\\\/logo\\\/image\\\/\"},\"sameAs\":[\"https:\\\/\\\/www.facebook.com\\\/Strassenmusikottweiler\\\/\"]}]}<\/script>\n<!-- \/ Yoast SEO plugin. -->","yoast_head_json":{"title":"Sur le festival | Ottweiler festival de musique de rue","robots":{"index":"index","follow":"follow","max-snippet":"max-snippet:-1","max-image-preview":"max-image-preview:large","max-video-preview":"max-video-preview:-1"},"canonical":"https:\/\/www.strassenmusikfestival-ottweiler.de\/ueber-das-festival\/","og_locale":"fr_FR","og_type":"article","og_title":"Sur le festival | Ottweiler festival de musique de rue","og_url":"https:\/\/www.strassenmusikfestival-ottweiler.de\/ueber-das-festival\/","og_site_name":"Ottweiler festival de musique de rue","article_publisher":"https:\/\/www.facebook.com\/Strassenmusikottweiler\/","article_modified_time":"2026-01-23T16:48:38+00:00","twitter_card":"summary_large_image","twitter_misc":{"Est. reading time":"1 minute"},"schema":{"@context":"https:\/\/schema.org","@graph":[{"@type":"WebPage","@id":"https:\/\/www.strassenmusikfestival-ottweiler.de\/ueber-das-festival\/","url":"https:\/\/www.strassenmusikfestival-ottweiler.de\/ueber-das-festival\/","name":"Sur le festival | Ottweiler festival de musique de rue","isPartOf":{"@id":"https:\/\/www.strassenmusikfestival-ottweiler.de\/#website"},"datePublished":"2019-02-22T21:16:35+00:00","dateModified":"2026-01-23T16:48:38+00:00","breadcrumb":{"@id":"https:\/\/www.strassenmusikfestival-ottweiler.de\/ueber-das-festival\/#breadcrumb"},"inLanguage":"fr-FR","potentialAction":[{"@type":"ReadAction","target":["https:\/\/www.strassenmusikfestival-ottweiler.de\/ueber-das-festival\/"]}]},{"@type":"BreadcrumbList","@id":"https:\/\/www.strassenmusikfestival-ottweiler.de\/ueber-das-festival\/#breadcrumb","itemListElement":[{"@type":"ListItem","position":1,"name":"Startseite","item":"https:\/\/www.strassenmusikfestival-ottweiler.de\/"},{"@type":"ListItem","position":2,"name":"\u00dcber das Festival"}]},{"@type":"WebSite","@id":"https:\/\/www.strassenmusikfestival-ottweiler.de\/#website","url":"https:\/\/www.strassenmusikfestival-ottweiler.de\/","name":"Stra\u00dfenmusikfestival Ottweiler","description":"Le festival annuel de musique de rue \u00e0 Ottweiler","publisher":{"@id":"https:\/\/www.strassenmusikfestival-ottweiler.de\/#organization"},"potentialAction":[{"@type":"SearchAction","target":{"@type":"EntryPoint","urlTemplate":"https:\/\/www.strassenmusikfestival-ottweiler.de\/?s={search_term_string}"},"query-input":{"@type":"PropertyValueSpecification","valueRequired":true,"valueName":"search_term_string"}}],"inLanguage":"fr-FR"},{"@type":"Organization","@id":"https:\/\/www.strassenmusikfestival-ottweiler.de\/#organization","name":"Gewerbeverein Ottweiler","url":"https:\/\/www.strassenmusikfestival-ottweiler.de\/","logo":{"@type":"ImageObject","inLanguage":"fr-FR","@id":"https:\/\/www.strassenmusikfestival-ottweiler.de\/#\/schema\/logo\/image\/","url":"https:\/\/www.strassenmusikfestival-ottweiler.de\/wp-content\/uploads\/2026\/01\/cropped-IMG_7157.jpeg","contentUrl":"https:\/\/www.strassenmusikfestival-ottweiler.de\/wp-content\/uploads\/2026\/01\/cropped-IMG_7157.jpeg","width":394,"height":394,"caption":"Gewerbeverein Ottweiler"},"image":{"@id":"https:\/\/www.strassenmusikfestival-ottweiler.de\/#\/schema\/logo\/image\/"},"sameAs":["https:\/\/www.facebook.com\/Strassenmusikottweiler\/"]}]}},"_links":{"self":[{"href":"https:\/\/www.strassenmusikfestival-ottweiler.de\/fr\/wp-json\/wp\/v2\/pages\/39","targetHints":{"allow":["GET"]}}],"collection":[{"href":"https:\/\/www.strassenmusikfestival-ottweiler.de\/fr\/wp-json\/wp\/v2\/pages"}],"about":[{"href":"https:\/\/www.strassenmusikfestival-ottweiler.de\/fr\/wp-json\/wp\/v2\/types\/page"}],"author":[{"embeddable":true,"href":"https:\/\/www.strassenmusikfestival-ottweiler.de\/fr\/wp-json\/wp\/v2\/users\/1"}],"replies":[{"embeddable":true,"href":"https:\/\/www.strassenmusikfestival-ottweiler.de\/fr\/wp-json\/wp\/v2\/comments?post=39"}],"version-history":[{"count":10,"href":"https:\/\/www.strassenmusikfestival-ottweiler.de\/fr\/wp-json\/wp\/v2\/pages\/39\/revisions"}],"predecessor-version":[{"id":4194,"href":"https:\/\/www.strassenmusikfestival-ottweiler.de\/fr\/wp-json\/wp\/v2\/pages\/39\/revisions\/4194"}],"wp:attachment":[{"href":"https:\/\/www.strassenmusikfestival-ottweiler.de\/fr\/wp-json\/wp\/v2\/media?parent=39"}],"curies":[{"name":"wp","href":"https:\/\/api.w.org\/{rel}","templated":true}]}}