{"id":51,"date":"2022-05-01T00:00:00","date_gmt":"2022-04-30T22:00:00","guid":{"rendered":"https:\/\/www.strassenmusikfestival-ottweiler.de\/?page_id=51"},"modified":"2026-03-26T19:20:46","modified_gmt":"2026-03-26T18:20:46","slug":"anmeldung","status":"publish","type":"page","link":"https:\/\/www.strassenmusikfestival-ottweiler.de\/en\/anmeldung\/","title":{"rendered":"Sign Up Form"},"content":{"rendered":"\n<p>Danke f\u00fcr dein Interesse. <\/p>\n\n\n\n<p>Leider sind alle Pl\u00e4tze derzeit vergeben. <\/p>\n\n\n\n<p>Wir bitten um dein Verst\u00e4ndnis.<\/p>\n","protected":false},"excerpt":{"rendered":"<p>Danke f\u00fcr dein Interesse. Leider sind alle Pl\u00e4tze derzeit vergeben. Wir bitten um dein Verst\u00e4ndnis.<\/p>\n","protected":false},"author":1,"featured_media":0,"parent":0,"menu_order":0,"comment_status":"closed","ping_status":"closed","template":"","meta":{"_themeisle_gutenberg_block_has_review":false,"footnotes":""},"class_list":["post-51","page","type-page","status-publish","hentry"],"translation":{"provider":"WPGlobus","version":"3.0.2","language":"en","enabled_languages":["de","en","fr"],"languages":{"de":{"title":true,"content":true,"excerpt":false},"en":{"title":true,"content":false,"excerpt":false},"fr":{"title":true,"content":true,"excerpt":false}}},"featured_image_urls_v2":{"full":"","thumbnail":"","medium":"","medium_large":"","large":"","1536x1536":"","2048x2048":"","hestia-blog":""},"post_excerpt_stackable_v2":"<p>Danke f\u00fcr dein Interesse. Leider sind alle Pl\u00e4tze derzeit vergeben. Wir bitten um dein Verst\u00e4ndnis.<\/p>\n","category_list_v2":"","author_info_v2":{"name":"Kevin Pre\u00dfer","url":"https:\/\/www.strassenmusikfestival-ottweiler.de\/en\/author\/kevin\/"},"comments_num_v2":"0 comments","yoast_head":"<!-- This site is optimized with the Yoast SEO plugin v27.4 - https:\/\/yoast.com\/product\/yoast-seo-wordpress\/ -->\n<title>Sign Up Form | Street music festival Ottweiler<\/title>\n<meta name=\"robots\" content=\"index, follow, max-snippet:-1, max-image-preview:large, max-video-preview:-1\" \/>\n<link rel=\"canonical\" href=\"https:\/\/www.strassenmusikfestival-ottweiler.de\/anmeldung\/\" \/>\n<meta property=\"og:locale\" content=\"en_US\" \/>\n<meta property=\"og:type\" content=\"article\" \/>\n<meta property=\"og:title\" content=\"Sign Up Form | Street music festival Ottweiler\" \/>\n<meta property=\"og:url\" content=\"https:\/\/www.strassenmusikfestival-ottweiler.de\/anmeldung\/\" \/>\n<meta property=\"og:site_name\" content=\"Street music festival Ottweiler\" \/>\n<meta property=\"article:publisher\" content=\"https:\/\/www.facebook.com\/Strassenmusikottweiler\/\" \/>\n<meta property=\"article:modified_time\" content=\"2026-03-26T18:20:46+00:00\" \/>\n<meta name=\"twitter:card\" content=\"summary_large_image\" \/>\n<meta name=\"twitter:label1\" content=\"Est. reading time\" \/>\n\t<meta name=\"twitter:data1\" content=\"1 minute\" \/>\n<script type=\"application\/ld+json\" class=\"yoast-schema-graph\">{\"@context\":\"https:\\\/\\\/schema.org\",\"@graph\":[{\"@type\":\"WebPage\",\"@id\":\"https:\\\/\\\/www.strassenmusikfestival-ottweiler.de\\\/anmeldung\\\/\",\"url\":\"https:\\\/\\\/www.strassenmusikfestival-ottweiler.de\\\/anmeldung\\\/\",\"name\":\"Sign Up Form | Street music festival Ottweiler\",\"isPartOf\":{\"@id\":\"https:\\\/\\\/www.strassenmusikfestival-ottweiler.de\\\/#website\"},\"datePublished\":\"2022-04-30T22:00:00+00:00\",\"dateModified\":\"2026-03-26T18:20:46+00:00\",\"breadcrumb\":{\"@id\":\"https:\\\/\\\/www.strassenmusikfestival-ottweiler.de\\\/anmeldung\\\/#breadcrumb\"},\"inLanguage\":\"en-US\",\"potentialAction\":[{\"@type\":\"ReadAction\",\"target\":[\"https:\\\/\\\/www.strassenmusikfestival-ottweiler.de\\\/anmeldung\\\/\"]}]},{\"@type\":\"BreadcrumbList\",\"@id\":\"https:\\\/\\\/www.strassenmusikfestival-ottweiler.de\\\/anmeldung\\\/#breadcrumb\",\"itemListElement\":[{\"@type\":\"ListItem\",\"position\":1,\"name\":\"Startseite\",\"item\":\"https:\\\/\\\/www.strassenmusikfestival-ottweiler.de\\\/\"},{\"@type\":\"ListItem\",\"position\":2,\"name\":\"Anmeldung\"}]},{\"@type\":\"WebSite\",\"@id\":\"https:\\\/\\\/www.strassenmusikfestival-ottweiler.de\\\/#website\",\"url\":\"https:\\\/\\\/www.strassenmusikfestival-ottweiler.de\\\/\",\"name\":\"Stra\u00dfenmusikfestival Ottweiler\",\"description\":\"The annual street music festival in Ottweiler\",\"publisher\":{\"@id\":\"https:\\\/\\\/www.strassenmusikfestival-ottweiler.de\\\/#organization\"},\"potentialAction\":[{\"@type\":\"SearchAction\",\"target\":{\"@type\":\"EntryPoint\",\"urlTemplate\":\"https:\\\/\\\/www.strassenmusikfestival-ottweiler.de\\\/?s={search_term_string}\"},\"query-input\":{\"@type\":\"PropertyValueSpecification\",\"valueRequired\":true,\"valueName\":\"search_term_string\"}}],\"inLanguage\":\"en-US\"},{\"@type\":\"Organization\",\"@id\":\"https:\\\/\\\/www.strassenmusikfestival-ottweiler.de\\\/#organization\",\"name\":\"Gewerbeverein Ottweiler\",\"url\":\"https:\\\/\\\/www.strassenmusikfestival-ottweiler.de\\\/\",\"logo\":{\"@type\":\"ImageObject\",\"inLanguage\":\"en-US\",\"@id\":\"https:\\\/\\\/www.strassenmusikfestival-ottweiler.de\\\/#\\\/schema\\\/logo\\\/image\\\/\",\"url\":\"https:\\\/\\\/www.strassenmusikfestival-ottweiler.de\\\/wp-content\\\/uploads\\\/2026\\\/01\\\/cropped-IMG_7157.jpeg\",\"contentUrl\":\"https:\\\/\\\/www.strassenmusikfestival-ottweiler.de\\\/wp-content\\\/uploads\\\/2026\\\/01\\\/cropped-IMG_7157.jpeg\",\"width\":394,\"height\":394,\"caption\":\"Gewerbeverein Ottweiler\"},\"image\":{\"@id\":\"https:\\\/\\\/www.strassenmusikfestival-ottweiler.de\\\/#\\\/schema\\\/logo\\\/image\\\/\"},\"sameAs\":[\"https:\\\/\\\/www.facebook.com\\\/Strassenmusikottweiler\\\/\"]}]}<\/script>\n<!-- \/ Yoast SEO plugin. -->","yoast_head_json":{"title":"Sign Up Form | Street music festival Ottweiler","robots":{"index":"index","follow":"follow","max-snippet":"max-snippet:-1","max-image-preview":"max-image-preview:large","max-video-preview":"max-video-preview:-1"},"canonical":"https:\/\/www.strassenmusikfestival-ottweiler.de\/anmeldung\/","og_locale":"en_US","og_type":"article","og_title":"Sign Up Form | Street music festival Ottweiler","og_url":"https:\/\/www.strassenmusikfestival-ottweiler.de\/anmeldung\/","og_site_name":"Street music festival Ottweiler","article_publisher":"https:\/\/www.facebook.com\/Strassenmusikottweiler\/","article_modified_time":"2026-03-26T18:20:46+00:00","twitter_card":"summary_large_image","twitter_misc":{"Est. reading time":"1 minute"},"schema":{"@context":"https:\/\/schema.org","@graph":[{"@type":"WebPage","@id":"https:\/\/www.strassenmusikfestival-ottweiler.de\/anmeldung\/","url":"https:\/\/www.strassenmusikfestival-ottweiler.de\/anmeldung\/","name":"Sign Up Form | Street music festival Ottweiler","isPartOf":{"@id":"https:\/\/www.strassenmusikfestival-ottweiler.de\/#website"},"datePublished":"2022-04-30T22:00:00+00:00","dateModified":"2026-03-26T18:20:46+00:00","breadcrumb":{"@id":"https:\/\/www.strassenmusikfestival-ottweiler.de\/anmeldung\/#breadcrumb"},"inLanguage":"en-US","potentialAction":[{"@type":"ReadAction","target":["https:\/\/www.strassenmusikfestival-ottweiler.de\/anmeldung\/"]}]},{"@type":"BreadcrumbList","@id":"https:\/\/www.strassenmusikfestival-ottweiler.de\/anmeldung\/#breadcrumb","itemListElement":[{"@type":"ListItem","position":1,"name":"Startseite","item":"https:\/\/www.strassenmusikfestival-ottweiler.de\/"},{"@type":"ListItem","position":2,"name":"Anmeldung"}]},{"@type":"WebSite","@id":"https:\/\/www.strassenmusikfestival-ottweiler.de\/#website","url":"https:\/\/www.strassenmusikfestival-ottweiler.de\/","name":"Stra\u00dfenmusikfestival Ottweiler","description":"The annual street music festival in Ottweiler","publisher":{"@id":"https:\/\/www.strassenmusikfestival-ottweiler.de\/#organization"},"potentialAction":[{"@type":"SearchAction","target":{"@type":"EntryPoint","urlTemplate":"https:\/\/www.strassenmusikfestival-ottweiler.de\/?s={search_term_string}"},"query-input":{"@type":"PropertyValueSpecification","valueRequired":true,"valueName":"search_term_string"}}],"inLanguage":"en-US"},{"@type":"Organization","@id":"https:\/\/www.strassenmusikfestival-ottweiler.de\/#organization","name":"Gewerbeverein Ottweiler","url":"https:\/\/www.strassenmusikfestival-ottweiler.de\/","logo":{"@type":"ImageObject","inLanguage":"en-US","@id":"https:\/\/www.strassenmusikfestival-ottweiler.de\/#\/schema\/logo\/image\/","url":"https:\/\/www.strassenmusikfestival-ottweiler.de\/wp-content\/uploads\/2026\/01\/cropped-IMG_7157.jpeg","contentUrl":"https:\/\/www.strassenmusikfestival-ottweiler.de\/wp-content\/uploads\/2026\/01\/cropped-IMG_7157.jpeg","width":394,"height":394,"caption":"Gewerbeverein Ottweiler"},"image":{"@id":"https:\/\/www.strassenmusikfestival-ottweiler.de\/#\/schema\/logo\/image\/"},"sameAs":["https:\/\/www.facebook.com\/Strassenmusikottweiler\/"]}]}},"_links":{"self":[{"href":"https:\/\/www.strassenmusikfestival-ottweiler.de\/en\/wp-json\/wp\/v2\/pages\/51","targetHints":{"allow":["GET"]}}],"collection":[{"href":"https:\/\/www.strassenmusikfestival-ottweiler.de\/en\/wp-json\/wp\/v2\/pages"}],"about":[{"href":"https:\/\/www.strassenmusikfestival-ottweiler.de\/en\/wp-json\/wp\/v2\/types\/page"}],"author":[{"embeddable":true,"href":"https:\/\/www.strassenmusikfestival-ottweiler.de\/en\/wp-json\/wp\/v2\/users\/1"}],"replies":[{"embeddable":true,"href":"https:\/\/www.strassenmusikfestival-ottweiler.de\/en\/wp-json\/wp\/v2\/comments?post=51"}],"version-history":[{"count":39,"href":"https:\/\/www.strassenmusikfestival-ottweiler.de\/en\/wp-json\/wp\/v2\/pages\/51\/revisions"}],"predecessor-version":[{"id":4241,"href":"https:\/\/www.strassenmusikfestival-ottweiler.de\/en\/wp-json\/wp\/v2\/pages\/51\/revisions\/4241"}],"wp:attachment":[{"href":"https:\/\/www.strassenmusikfestival-ottweiler.de\/en\/wp-json\/wp\/v2\/media?parent=51"}],"curies":[{"name":"wp","href":"https:\/\/api.w.org\/{rel}","templated":true}]}}